{"id":8,"date":"2020-10-21T14:05:36","date_gmt":"2020-10-21T14:05:36","guid":{"rendered":"https:\/\/munkacsy.adamkol.hu\/?page_id=8"},"modified":"2023-06-01T13:50:23","modified_gmt":"2023-06-01T13:50:23","slug":"front","status":"publish","type":"page","link":"https:\/\/virtualis.munkacsy.hu\/trianon-100\/","title":{"rendered":"Trianon 100 &#8211; Virtu\u00e1lis ki\u00e1ll\u00edt\u00e1s"},"content":{"rendered":"\t\t<div data-elementor-type=\"wp-page\" data-elementor-id=\"8\" class=\"elementor elementor-8\" data-elementor-settings=\"[]\">\n\t\t\t\t\t\t<div class=\"elementor-inner\">\n\t\t\t\t\t\t\t<div class=\"elementor-section-wrap\">\n\t\t\t\t\t\t\t<section class=\"elementor-section elementor-top-section elementor-element elementor-element-a5d3e08 elementor-section-boxed elementor-section-height-default elementor-section-height-default\" data-id=\"a5d3e08\" data-element_type=\"section\" data-settings=\"{&quot;background_background&quot;:&quot;classic&quot;}\">\n\t\t\t\t\t\t<div class=\"elementor-container elementor-column-gap-default\">\n\t\t\t\t\t\t\t<div class=\"elementor-row\">\n\t\t\t\t\t<div class=\"elementor-column elementor-col-33 elementor-top-column elementor-element elementor-element-4d7cea2\" data-id=\"4d7cea2\" data-element_type=\"column\">\n\t\t\t<div class=\"elementor-column-wrap elementor-element-populated\">\n\t\t\t\t\t\t\t<div class=\"elementor-widget-wrap\">\n\t\t\t\t\t\t<div class=\"elementor-element elementor-element-4a8bd1b elementor-widget elementor-widget-image\" data-id=\"4a8bd1b\" data-element_type=\"widget\" data-widget_type=\"image.default\">\n\t\t\t\t<div class=\"elementor-widget-container\">\n\t\t\t\t\t<div class=\"elementor-image\">\n\t\t\t\t\t\t\t\t\t\t<img width=\"186\" height=\"66\" src=\"https:\/\/virtualis.munkacsy.hu\/trianon-100\/wp-content\/uploads\/2020\/10\/munkacsy-logo-gray.png\" class=\"attachment-large size-large\" alt=\"\" loading=\"lazy\" \/>\t\t\t\t\t\t\t\t\t\t\t<\/div>\n\t\t\t\t<\/div>\n\t\t\t\t<\/div>\n\t\t\t\t\t\t<\/div>\n\t\t\t\t\t<\/div>\n\t\t<\/div>\n\t\t\t\t<div class=\"elementor-column elementor-col-33 elementor-top-column elementor-element elementor-element-9d2eb1f\" data-id=\"9d2eb1f\" data-element_type=\"column\">\n\t\t\t<div class=\"elementor-column-wrap\">\n\t\t\t\t\t\t\t<div class=\"elementor-widget-wrap\">\n\t\t\t\t\t\t\t\t<\/div>\n\t\t\t\t\t<\/div>\n\t\t<\/div>\n\t\t\t\t<div class=\"elementor-column elementor-col-33 elementor-top-column elementor-element elementor-element-c42a10c\" data-id=\"c42a10c\" data-element_type=\"column\">\n\t\t\t<div class=\"elementor-column-wrap\">\n\t\t\t\t\t\t\t<div class=\"elementor-widget-wrap\">\n\t\t\t\t\t\t\t\t<\/div>\n\t\t\t\t\t<\/div>\n\t\t<\/div>\n\t\t\t\t\t\t\t\t<\/div>\n\t\t\t\t\t<\/div>\n\t\t<\/section>\n\t\t\t\t<section class=\"elementor-section elementor-top-section elementor-element elementor-element-d877554 elementor-section-boxed elementor-section-height-default elementor-section-height-default\" data-id=\"d877554\" data-element_type=\"section\">\n\t\t\t\t\t\t<div class=\"elementor-container elementor-column-gap-default\">\n\t\t\t\t\t\t\t<div class=\"elementor-row\">\n\t\t\t\t\t<div class=\"elementor-column elementor-col-100 elementor-top-column elementor-element elementor-element-ac8fd69\" data-id=\"ac8fd69\" data-element_type=\"column\">\n\t\t\t<div class=\"elementor-column-wrap elementor-element-populated\">\n\t\t\t\t\t\t\t<div class=\"elementor-widget-wrap\">\n\t\t\t\t\t\t<div class=\"elementor-element elementor-element-009396e elementor-widget elementor-widget-heading\" data-id=\"009396e\" data-element_type=\"widget\" data-widget_type=\"heading.default\">\n\t\t\t\t<div class=\"elementor-widget-container\">\n\t\t\t<h2 class=\"elementor-heading-title elementor-size-xl\">1920. J\u00daNIUS 4.<br>\nA TRIANONI B\u00c9KESZERZ\u0150D\u00c9S AL\u00c1\u00cdR\u00c1SA<\/h2>\t\t<\/div>\n\t\t\t\t<\/div>\n\t\t\t\t\t\t<\/div>\n\t\t\t\t\t<\/div>\n\t\t<\/div>\n\t\t\t\t\t\t\t\t<\/div>\n\t\t\t\t\t<\/div>\n\t\t<\/section>\n\t\t\t\t<section class=\"elementor-section elementor-top-section elementor-element elementor-element-99dd9cf elementor-section-boxed elementor-section-height-default elementor-section-height-default\" data-id=\"99dd9cf\" data-element_type=\"section\" data-settings=\"{&quot;background_background&quot;:&quot;classic&quot;}\">\n\t\t\t\t\t\t<div class=\"elementor-container elementor-column-gap-default\">\n\t\t\t\t\t\t\t<div class=\"elementor-row\">\n\t\t\t\t\t<div class=\"elementor-column elementor-col-50 elementor-top-column elementor-element elementor-element-b882766\" data-id=\"b882766\" data-element_type=\"column\">\n\t\t\t<div class=\"elementor-column-wrap elementor-element-populated\">\n\t\t\t\t\t\t\t<div class=\"elementor-widget-wrap\">\n\t\t\t\t\t\t<div class=\"elementor-element elementor-element-4e5939e elementor-align-center elementor-widget elementor-widget-lottie\" data-id=\"4e5939e\" data-element_type=\"widget\" data-settings=\"{&quot;source_json&quot;:{&quot;url&quot;:&quot;https:\\\/\\\/virtualis.munkacsy.hu\\\/trianon-100\\\/wp-content\\\/uploads\\\/2023\\\/06\\\/data.json&quot;,&quot;id&quot;:713},&quot;lazyload&quot;:&quot;yes&quot;,&quot;source&quot;:&quot;media_file&quot;,&quot;caption_source&quot;:&quot;none&quot;,&quot;link_to&quot;:&quot;none&quot;,&quot;trigger&quot;:&quot;arriving_to_viewport&quot;,&quot;viewport&quot;:{&quot;unit&quot;:&quot;%&quot;,&quot;size&quot;:&quot;&quot;,&quot;sizes&quot;:{&quot;start&quot;:0,&quot;end&quot;:100}},&quot;play_speed&quot;:{&quot;unit&quot;:&quot;px&quot;,&quot;size&quot;:1,&quot;sizes&quot;:[]},&quot;start_point&quot;:{&quot;unit&quot;:&quot;%&quot;,&quot;size&quot;:&quot;0&quot;,&quot;sizes&quot;:[]},&quot;end_point&quot;:{&quot;unit&quot;:&quot;%&quot;,&quot;size&quot;:&quot;100&quot;,&quot;sizes&quot;:[]},&quot;renderer&quot;:&quot;svg&quot;}\" data-widget_type=\"lottie.default\">\n\t\t\t\t<div class=\"elementor-widget-container\">\n\t\t\t<div class=\"e-lottie__container\"><div class=\"e-lottie__animation\"><\/div><\/div>\t\t<\/div>\n\t\t\t\t<\/div>\n\t\t\t\t\t\t<\/div>\n\t\t\t\t\t<\/div>\n\t\t<\/div>\n\t\t\t\t<div class=\"elementor-column elementor-col-50 elementor-top-column elementor-element elementor-element-6e21084 elementor-invisible\" data-id=\"6e21084\" data-element_type=\"column\" data-settings=\"{&quot;animation&quot;:&quot;fadeIn&quot;}\">\n\t\t\t<div class=\"elementor-column-wrap elementor-element-populated\">\n\t\t\t\t\t\t\t<div class=\"elementor-widget-wrap\">\n\t\t\t\t\t\t<div class=\"elementor-element elementor-element-0b51945 elementor-widget elementor-widget-text-editor\" data-id=\"0b51945\" data-element_type=\"widget\" data-widget_type=\"text-editor.default\">\n\t\t\t\t<div class=\"elementor-widget-container\">\n\t\t\t\t\t<div class=\"elementor-text-editor elementor-clearfix\"><p>A trianoni b\u00e9keszerz\u0151d\u00e9s napja j\u00fanius 4-e, 2010 \u00f3ta a Nemzeti \u00d6sszetartoz\u00e1s Napja, 2020 pedig a Nemzeti \u00d6sszetartoz\u00e1s \u00c9ve. Az 1920. j\u00fanius 4-\u00e9n a Nagy-Trianon palot\u00e1ban al\u00e1\u00edrt b\u00e9keszerz\u0151d\u00e9s \u00faj hat\u00e1rok k\u00f6z\u00e9 szor\u00edtotta haz\u00e1nkat. A t\u00f6rt\u00e9nelmi Magyarorsz\u00e1g ter\u00fclet\u00e9nek 2\/3 r\u00e9sz\u00e9t elcsatolt\u00e1k, a mintegy 282 ezer km<sup>2<\/sup> ter\u00fcletb\u0151l 93 ezer km<sup>2<\/sup>, a 20,8 milli\u00f3 lakosb\u00f3l 7,6 milli\u00f3 maradt. B\u00e9k\u00e9s v\u00e1rmegye, amely egykor az orsz\u00e1g k\u00f6zep\u00e9n helyezkedett el, most a keleti hat\u00e1r sz\u00e9l\u00e9re ker\u00fclt.<\/p><p>A virtu\u00e1lis ki\u00e1ll\u00edt\u00e1s sor\u00e1n bemutatjuk a Monarchia felboml\u00e1s\u00e1t, Horthy Mikl\u00f3s korm\u00e1nyz\u00f3v\u00e1 v\u00e1laszt\u00e1s\u00e1t, a t\u00e9ma, a rom\u00e1n megsz\u00e1ll\u00e1s id\u0151szak\u00e1t, a b\u00e9keszerz\u0151d\u00e9s al\u00e1\u00edr\u00e1s\u00e1nak a k\u00f6r\u00fclm\u00e9nyeit kit\u00e9rve a V\u00f6r\u00f6s t\u00e9rk\u00e9p. A legnagyobb hangs\u00falyt arra helyezz\u00fck, hogy mekkora vesztes\u00e9g \u00e9rte az orsz\u00e1got a trianoni b\u00e9keszerz\u0151d\u00e9s al\u00e1\u00edr\u00e1sa ut\u00e1n. Trianon hat\u00e1s\u00e1val is foglalkozunk, hiszen a menek\u00fcltek megjelen\u00e9se mellett, erre az id\u0151szakra tehet\u0151 a revizionizmus kialakul\u00e1sa, vagyis a b\u00e9keszerz\u0151d\u00e9s fel\u00fclvizsg\u00e1lat\u00e1\u00e9rt k\u00fczd\u0151k mozgalma.<\/p><\/div>\n\t\t\t\t<\/div>\n\t\t\t\t<\/div>\n\t\t\t\t\t\t<\/div>\n\t\t\t\t\t<\/div>\n\t\t<\/div>\n\t\t\t\t\t\t\t\t<\/div>\n\t\t\t\t\t<\/div>\n\t\t<\/section>\n\t\t\t\t<section class=\"elementor-section elementor-top-section elementor-element elementor-element-562b057 elementor-section-boxed elementor-section-height-default elementor-section-height-default\" data-id=\"562b057\" data-element_type=\"section\">\n\t\t\t\t\t\t<div class=\"elementor-container elementor-column-gap-default\">\n\t\t\t\t\t\t\t<div class=\"elementor-row\">\n\t\t\t\t\t<div class=\"elementor-column elementor-col-100 elementor-top-column elementor-element elementor-element-aa82988\" data-id=\"aa82988\" data-element_type=\"column\">\n\t\t\t<div class=\"elementor-column-wrap elementor-element-populated\">\n\t\t\t\t\t\t\t<div class=\"elementor-widget-wrap\">\n\t\t\t\t\t\t<div class=\"elementor-element elementor-element-a82622b elementor-align-center elementor-invisible elementor-widget elementor-widget-button\" data-id=\"a82622b\" data-element_type=\"widget\" data-settings=\"{&quot;_animation&quot;:&quot;fadeInDown&quot;}\" data-widget_type=\"button.default\">\n\t\t\t\t<div class=\"elementor-widget-container\">\n\t\t\t\t\t<div class=\"elementor-button-wrapper\">\n\t\t\t<a href=\"https:\/\/virtualis.munkacsy.hu\/trianon-100\/trianon-100-virtualis-kiallitas-kiallitoter\/\" class=\"elementor-button-link elementor-button elementor-size-lg\" role=\"button\">\n\t\t\t\t\t\t<span class=\"elementor-button-content-wrapper\">\n\t\t\t\t\t\t<span class=\"elementor-button-icon elementor-align-icon-right\">\n\t\t\t\t<i aria-hidden=\"true\" class=\"fas fa-chevron-right\"><\/i>\t\t\t<\/span>\n\t\t\t\t\t\t<span class=\"elementor-button-text\">Ir\u00e1ny a ki\u00e1ll\u00edt\u00e1s<\/span>\n\t\t<\/span>\n\t\t\t\t\t<\/a>\n\t\t<\/div>\n\t\t\t\t<\/div>\n\t\t\t\t<\/div>\n\t\t\t\t\t\t<\/div>\n\t\t\t\t\t<\/div>\n\t\t<\/div>\n\t\t\t\t\t\t\t\t<\/div>\n\t\t\t\t\t<\/div>\n\t\t<\/section>\n\t\t\t\t<section class=\"elementor-section elementor-top-section elementor-element elementor-element-340dbf77 elementor-section-boxed elementor-section-height-default elementor-section-height-default\" data-id=\"340dbf77\" data-element_type=\"section\" data-settings=\"{&quot;background_background&quot;:&quot;classic&quot;}\">\n\t\t\t\t\t\t<div class=\"elementor-container elementor-column-gap-default\">\n\t\t\t\t\t\t\t<div class=\"elementor-row\">\n\t\t\t\t\t<div class=\"elementor-column elementor-col-33 elementor-top-column elementor-element elementor-element-4bd57bd4\" data-id=\"4bd57bd4\" data-element_type=\"column\">\n\t\t\t<div class=\"elementor-column-wrap elementor-element-populated\">\n\t\t\t\t\t\t\t<div class=\"elementor-widget-wrap\">\n\t\t\t\t\t\t<div class=\"elementor-element elementor-element-7896b4a7 elementor-widget elementor-widget-image\" data-id=\"7896b4a7\" data-element_type=\"widget\" data-widget_type=\"image.default\">\n\t\t\t\t<div class=\"elementor-widget-container\">\n\t\t\t\t\t<div class=\"elementor-image\">\n\t\t\t\t\t\t\t\t\t\t<img width=\"325\" height=\"151\" src=\"https:\/\/virtualis.munkacsy.hu\/trianon-100\/wp-content\/uploads\/2020\/10\/munkacsy-muzem-logo-Nw325.png\" class=\"attachment-large size-large\" alt=\"\" loading=\"lazy\" srcset=\"https:\/\/virtualis.munkacsy.hu\/trianon-100\/wp-content\/uploads\/2020\/10\/munkacsy-muzem-logo-Nw325.png 325w, https:\/\/virtualis.munkacsy.hu\/trianon-100\/wp-content\/uploads\/2020\/10\/munkacsy-muzem-logo-Nw325-300x139.png 300w\" sizes=\"(max-width: 325px) 100vw, 325px\" \/>\t\t\t\t\t\t\t\t\t\t\t<\/div>\n\t\t\t\t<\/div>\n\t\t\t\t<\/div>\n\t\t\t\t\t\t<\/div>\n\t\t\t\t\t<\/div>\n\t\t<\/div>\n\t\t\t\t<div class=\"elementor-column elementor-col-33 elementor-top-column elementor-element elementor-element-4ee29b16\" data-id=\"4ee29b16\" data-element_type=\"column\">\n\t\t\t<div class=\"elementor-column-wrap elementor-element-populated\">\n\t\t\t\t\t\t\t<div class=\"elementor-widget-wrap\">\n\t\t\t\t\t\t<div class=\"elementor-element elementor-element-165b59a elementor-widget elementor-widget-text-editor\" data-id=\"165b59a\" data-element_type=\"widget\" data-widget_type=\"text-editor.default\">\n\t\t\t\t<div class=\"elementor-widget-container\">\n\t\t\t\t\t<div class=\"elementor-text-editor elementor-clearfix\"><p id=\"footertitle\"><span style=\"color: var( --e-global-color-text ); font-size: 1rem;\">5600 B\u00e9k\u00e9scsaba, Sz\u00e9chenyi u. 9.<\/span><\/p><p>Postac\u00edm:\u00a05600 B\u00e9k\u00e9scsaba, Pf. 46<\/p><p id=\"footerdescr2\">Tel:\u00a0<a title=\"+36 66\/323-377\" href=\"tel:+3666323377\" data-bcup-haslogintext=\"no\">+36 66\/323-377<\/a><\/p><p>E-mail:\u00a0<a href=\"mailto:mmm@bmmi.hu\" data-bcup-haslogintext=\"no\">mmm@bmmi.hu<\/a><\/p><\/div>\n\t\t\t\t<\/div>\n\t\t\t\t<\/div>\n\t\t\t\t\t\t<\/div>\n\t\t\t\t\t<\/div>\n\t\t<\/div>\n\t\t\t\t<div class=\"elementor-column elementor-col-33 elementor-top-column elementor-element elementor-element-13459ad4\" data-id=\"13459ad4\" data-element_type=\"column\">\n\t\t\t<div class=\"elementor-column-wrap elementor-element-populated\">\n\t\t\t\t\t\t\t<div class=\"elementor-widget-wrap\">\n\t\t\t\t\t\t<div class=\"elementor-element elementor-element-84abf82 elementor-widget elementor-widget-heading\" data-id=\"84abf82\" data-element_type=\"widget\" data-widget_type=\"heading.default\">\n\t\t\t\t<div class=\"elementor-widget-container\">\n\t\t\t<h4 class=\"elementor-heading-title elementor-size-default\">Megosztom:<\/h4>\t\t<\/div>\n\t\t\t\t<\/div>\n\t\t\t\t<div class=\"elementor-element elementor-element-05f1249 elementor-share-buttons--view-icon elementor-share-buttons--skin-flat elementor-share-buttons--align-left elementor-share-buttons--color-custom elementor-share-buttons--shape-square elementor-grid-0 elementor-widget elementor-widget-share-buttons\" data-id=\"05f1249\" data-element_type=\"widget\" data-widget_type=\"share-buttons.default\">\n\t\t\t\t<div class=\"elementor-widget-container\">\n\t\t\t\t\t<div class=\"elementor-grid\">\n\t\t\t\t\t\t\t<div class=\"elementor-grid-item\">\n\t\t\t\t\t<div class=\"elementor-share-btn elementor-share-btn_facebook\">\n\t\t\t\t\t\t\t\t\t\t\t\t\t<span class=\"elementor-share-btn__icon\">\n\t\t\t\t\t\t\t\t<i class=\"fab fa-facebook\" aria-hidden=\"true\"><\/i>\n\t\t\t\t\t\t\t\t<span class=\"elementor-screen-only\">Share on facebook<\/span>\n\t\t\t\t\t\t\t<\/span>\n\t\t\t\t\t\t\t\t\t\t\t\t\t\t\t\t\t<\/div>\n\t\t\t\t<\/div>\n\t\t\t\t\t\t\t\t<div class=\"elementor-grid-item\">\n\t\t\t\t\t<div class=\"elementor-share-btn elementor-share-btn_email\">\n\t\t\t\t\t\t\t\t\t\t\t\t\t<span class=\"elementor-share-btn__icon\">\n\t\t\t\t\t\t\t\t<i class=\"fas fa-envelope\" aria-hidden=\"true\"><\/i>\n\t\t\t\t\t\t\t\t<span class=\"elementor-screen-only\">Share on email<\/span>\n\t\t\t\t\t\t\t<\/span>\n\t\t\t\t\t\t\t\t\t\t\t\t\t\t\t\t\t<\/div>\n\t\t\t\t<\/div>\n\t\t\t\t\t\t\t\t<div class=\"elementor-grid-item\">\n\t\t\t\t\t<div class=\"elementor-share-btn elementor-share-btn_twitter\">\n\t\t\t\t\t\t\t\t\t\t\t\t\t<span class=\"elementor-share-btn__icon\">\n\t\t\t\t\t\t\t\t<i class=\"fab fa-twitter\" aria-hidden=\"true\"><\/i>\n\t\t\t\t\t\t\t\t<span class=\"elementor-screen-only\">Share on twitter<\/span>\n\t\t\t\t\t\t\t<\/span>\n\t\t\t\t\t\t\t\t\t\t\t\t\t\t\t\t\t<\/div>\n\t\t\t\t<\/div>\n\t\t\t\t\t\t<\/div>\n\t\t\t\t<\/div>\n\t\t\t\t<\/div>\n\t\t\t\t\t\t<\/div>\n\t\t\t\t\t<\/div>\n\t\t<\/div>\n\t\t\t\t\t\t\t\t<\/div>\n\t\t\t\t\t<\/div>\n\t\t<\/section>\n\t\t\t\t\t\t<\/div>\n\t\t\t\t\t\t<\/div>\n\t\t\t\t\t<\/div>\n\t\t","protected":false},"excerpt":{"rendered":"<p>1920. J\u00daNIUS 4. A TRIANONI B\u00c9KESZERZ\u0150D\u00c9S AL\u00c1\u00cdR\u00c1SA A trianoni b\u00e9keszerz\u0151d\u00e9s napja j\u00fanius 4-e, 2010 \u00f3ta a Nemzeti \u00d6sszetartoz\u00e1s Napja, 2020 pedig a Nemzeti \u00d6sszetartoz\u00e1s \u00c9ve. Az 1920. j\u00fanius 4-\u00e9n a Nagy-Trianon palot\u00e1ban al\u00e1\u00edrt b\u00e9keszerz\u0151d\u00e9s \u00faj hat\u00e1rok k\u00f6z\u00e9 szor\u00edtotta haz\u00e1nkat. A t\u00f6rt\u00e9nelmi Magyarorsz\u00e1g ter\u00fclet\u00e9nek 2\/3 r\u00e9sz\u00e9t elcsatolt\u00e1k, a mintegy 282 ezer km2 ter\u00fcletb\u0151l 93 ezer km2, [&hellip;]<\/p>\n","protected":false},"author":1,"featured_media":0,"parent":0,"menu_order":0,"comment_status":"closed","ping_status":"closed","template":"","meta":[],"_links":{"self":[{"href":"https:\/\/virtualis.munkacsy.hu\/trianon-100\/wp-json\/wp\/v2\/pages\/8"}],"collection":[{"href":"https:\/\/virtualis.munkacsy.hu\/trianon-100\/wp-json\/wp\/v2\/pages"}],"about":[{"href":"https:\/\/virtualis.munkacsy.hu\/trianon-100\/wp-json\/wp\/v2\/types\/page"}],"author":[{"embeddable":true,"href":"https:\/\/virtualis.munkacsy.hu\/trianon-100\/wp-json\/wp\/v2\/users\/1"}],"replies":[{"embeddable":true,"href":"https:\/\/virtualis.munkacsy.hu\/trianon-100\/wp-json\/wp\/v2\/comments?post=8"}],"version-history":[{"count":36,"href":"https:\/\/virtualis.munkacsy.hu\/trianon-100\/wp-json\/wp\/v2\/pages\/8\/revisions"}],"predecessor-version":[{"id":715,"href":"https:\/\/virtualis.munkacsy.hu\/trianon-100\/wp-json\/wp\/v2\/pages\/8\/revisions\/715"}],"wp:attachment":[{"href":"https:\/\/virtualis.munkacsy.hu\/trianon-100\/wp-json\/wp\/v2\/media?parent=8"}],"curies":[{"name":"wp","href":"https:\/\/api.w.org\/{rel}","templated":true}]}}